{"id":10,"date":"2016-02-08T14:57:26","date_gmt":"2016-02-08T13:57:26","guid":{"rendered":"https:\/\/www.alle-noten.de\/magazin\/?page_id=10"},"modified":"2025-10-08T11:47:29","modified_gmt":"2025-10-08T09:47:29","slug":"unser-online-shop","status":"publish","type":"page","link":"https:\/\/www.alle-noten.de\/magazin\/unser-online-shop\/","title":{"rendered":"Unser Online Shop"},"content":{"rendered":"<p>In unserem Online Shop <a href=\"http:\/\/www.alle-noten.de\">alle-noten.de<\/a> finden Sie \u00fcber 1.000.000 Notenausgaben aller Verlage, Stilrichtungen und Besetzungen wie Klavier, Chor, Blasorchester, Big Band, Orchester u.v.m. Wir sind damit einer der gr\u00f6\u00dften Anbieter Europas.<\/p>\n<p>&nbsp;<\/p>\n<p>Musiker, Lehrer, Ensembles, Vereine, Schulen, Hochschulen und Bibliotheken sch\u00e4tzen uns als zuverl\u00e4ssigen und kompetenten Ansprechpartner seit 1969. Daher ist es uns ein besonderes Anliegen, die bestm\u00f6gliche Auswahl an Chor- und Ensembleliteratur anbieten zu k\u00f6nnen. Und auch weiterhin wollen wir daran arbeiten unser Angebot zu vergr\u00f6\u00dfern, denn die Ausweitung des Sortiments ist seit der Gr\u00fcndung des Notenversands ein bestimmendes Element, an dem wir festhalten wollen.<\/p>\n<p>&nbsp;<\/p>\n<p>Dar\u00fcber hinaus profitieren unsere Kunden von der langj\u00e4hrigen Erfahrung, die es uns erm\u00f6glicht, fast alle lieferbaren Noten aller Musikverlage weltweit liefern zu k\u00f6nnen.<\/p>\n","protected":false},"excerpt":{"rendered":"<p>In unserem Online Shop alle-noten.de finden Sie \u00fcber 1.000.000 Notenausgaben aller Verlage, Stilrichtungen und Besetzungen wie Klavier, Chor, Blasorchester, Big Band, Orchester u.v.m. Wir sind damit einer der gr\u00f6\u00dften Anbieter Europas. &nbsp; Musiker, Lehrer, Ensembles, Vereine, Schulen, Hochschulen und Bibliotheken sch\u00e4tzen uns als zuverl\u00e4ssigen und kompetenten Ansprechpartner seit 1969. Daher ist es uns ein besonderes [&hellip;]<\/p>\n","protected":false},"author":1,"featured_media":433,"parent":0,"menu_order":2,"comment_status":"closed","ping_status":"closed","template":"","meta":{"footnotes":""},"class_list":["post-10","page","type-page","status-publish","has-post-thumbnail","hentry"],"yoast_head":"<!-- This site is optimized with the Yoast SEO plugin v27.2 - https:\/\/yoast.com\/product\/yoast-seo-wordpress\/ -->\n<title>Unser Online Shop &#8211; alle-noten Magazin<\/title>\n<meta name=\"description\" content=\"\u00dcber 1.000.000 Noten aller Stilrichtungen in unserem Online Shop. Riesige Auswahl, portofrei ab \u20ac 35 (in D)! Kauf auf Rechnung \u00b7 sicher Einkaufen \u00b7 schnell &amp; g\u00fcnstig\" \/>\n<meta name=\"robots\" content=\"index, follow, max-snippet:-1, max-image-preview:large, max-video-preview:-1\" \/>\n<link rel=\"canonical\" href=\"https:\/\/www.alle-noten.de\/magazin\/unser-online-shop\/\" \/>\n<meta property=\"og:locale\" content=\"de_DE\" \/>\n<meta property=\"og:type\" content=\"article\" \/>\n<meta property=\"og:title\" content=\"Unser Online Shop &#8211; alle-noten Magazin\" \/>\n<meta property=\"og:description\" content=\"\u00dcber 1.000.000 Noten aller Stilrichtungen in unserem Online Shop. Riesige Auswahl, portofrei ab \u20ac 35 (in D)! Kauf auf Rechnung \u00b7 sicher Einkaufen \u00b7 schnell &amp; g\u00fcnstig\" \/>\n<meta property=\"og:url\" content=\"https:\/\/www.alle-noten.de\/magazin\/unser-online-shop\/\" \/>\n<meta property=\"og:site_name\" content=\"alle-noten Magazin\" \/>\n<meta property=\"article:modified_time\" content=\"2025-10-08T09:47:29+00:00\" \/>\n<meta property=\"og:image\" content=\"https:\/\/www.alle-noten.de\/magazin\/wp-content\/uploads\/2016\/02\/Online-Shop.jpg\" \/>\n\t<meta property=\"og:image:width\" content=\"640\" \/>\n\t<meta property=\"og:image:height\" content=\"400\" \/>\n\t<meta property=\"og:image:type\" content=\"image\/jpeg\" \/>\n<meta name=\"twitter:card\" content=\"summary_large_image\" \/>\n<meta name=\"twitter:label1\" content=\"Gesch\u00e4tzte Lesezeit\" \/>\n\t<meta name=\"twitter:data1\" content=\"1\u00a0Minute\" \/>\n<script type=\"application\/ld+json\" class=\"yoast-schema-graph\">{\"@context\":\"https:\/\/schema.org\",\"@graph\":[{\"@type\":\"WebPage\",\"@id\":\"https:\/\/www.alle-noten.de\/magazin\/unser-online-shop\/\",\"url\":\"https:\/\/www.alle-noten.de\/magazin\/unser-online-shop\/\",\"name\":\"Unser Online Shop &#8211; alle-noten Magazin\",\"isPartOf\":{\"@id\":\"https:\/\/www.alle-noten.de\/magazin\/#website\"},\"primaryImageOfPage\":{\"@id\":\"https:\/\/www.alle-noten.de\/magazin\/unser-online-shop\/#primaryimage\"},\"image\":{\"@id\":\"https:\/\/www.alle-noten.de\/magazin\/unser-online-shop\/#primaryimage\"},\"thumbnailUrl\":\"https:\/\/www.alle-noten.de\/magazin\/wp-content\/uploads\/2016\/02\/Online-Shop.jpg\",\"datePublished\":\"2016-02-08T13:57:26+00:00\",\"dateModified\":\"2025-10-08T09:47:29+00:00\",\"description\":\"\u00dcber 1.000.000 Noten aller Stilrichtungen in unserem Online Shop. Riesige Auswahl, portofrei ab \u20ac 35 (in D)! Kauf auf Rechnung \u00b7 sicher Einkaufen \u00b7 schnell & g\u00fcnstig\",\"breadcrumb\":{\"@id\":\"https:\/\/www.alle-noten.de\/magazin\/unser-online-shop\/#breadcrumb\"},\"inLanguage\":\"de\",\"potentialAction\":[{\"@type\":\"ReadAction\",\"target\":[\"https:\/\/www.alle-noten.de\/magazin\/unser-online-shop\/\"]}]},{\"@type\":\"ImageObject\",\"inLanguage\":\"de\",\"@id\":\"https:\/\/www.alle-noten.de\/magazin\/unser-online-shop\/#primaryimage\",\"url\":\"https:\/\/www.alle-noten.de\/magazin\/wp-content\/uploads\/2016\/02\/Online-Shop.jpg\",\"contentUrl\":\"https:\/\/www.alle-noten.de\/magazin\/wp-content\/uploads\/2016\/02\/Online-Shop.jpg\",\"width\":640,\"height\":400,\"caption\":\"Online noten bestellen auf www.alle-noten.de\"},{\"@type\":\"BreadcrumbList\",\"@id\":\"https:\/\/www.alle-noten.de\/magazin\/unser-online-shop\/#breadcrumb\",\"itemListElement\":[{\"@type\":\"ListItem\",\"position\":1,\"name\":\"Home\",\"item\":\"https:\/\/www.alle-noten.de\/magazin\/\"},{\"@type\":\"ListItem\",\"position\":2,\"name\":\"Unser Online Shop\"}]},{\"@type\":\"WebSite\",\"@id\":\"https:\/\/www.alle-noten.de\/magazin\/#website\",\"url\":\"https:\/\/www.alle-noten.de\/magazin\/\",\"name\":\"alle-noten Magazin\",\"description\":\"\",\"potentialAction\":[{\"@type\":\"SearchAction\",\"target\":{\"@type\":\"EntryPoint\",\"urlTemplate\":\"https:\/\/www.alle-noten.de\/magazin\/?s={search_term_string}\"},\"query-input\":{\"@type\":\"PropertyValueSpecification\",\"valueRequired\":true,\"valueName\":\"search_term_string\"}}],\"inLanguage\":\"de\"}]}<\/script>\n<!-- \/ Yoast SEO plugin. -->","yoast_head_json":{"title":"Unser Online Shop &#8211; alle-noten Magazin","description":"\u00dcber 1.000.000 Noten aller Stilrichtungen in unserem Online Shop. Riesige Auswahl, portofrei ab \u20ac 35 (in D)! Kauf auf Rechnung \u00b7 sicher Einkaufen \u00b7 schnell & g\u00fcnstig","robots":{"index":"index","follow":"follow","max-snippet":"max-snippet:-1","max-image-preview":"max-image-preview:large","max-video-preview":"max-video-preview:-1"},"canonical":"https:\/\/www.alle-noten.de\/magazin\/unser-online-shop\/","og_locale":"de_DE","og_type":"article","og_title":"Unser Online Shop &#8211; alle-noten Magazin","og_description":"\u00dcber 1.000.000 Noten aller Stilrichtungen in unserem Online Shop. Riesige Auswahl, portofrei ab \u20ac 35 (in D)! Kauf auf Rechnung \u00b7 sicher Einkaufen \u00b7 schnell & g\u00fcnstig","og_url":"https:\/\/www.alle-noten.de\/magazin\/unser-online-shop\/","og_site_name":"alle-noten Magazin","article_modified_time":"2025-10-08T09:47:29+00:00","og_image":[{"width":640,"height":400,"url":"https:\/\/www.alle-noten.de\/magazin\/wp-content\/uploads\/2016\/02\/Online-Shop.jpg","type":"image\/jpeg"}],"twitter_card":"summary_large_image","twitter_misc":{"Gesch\u00e4tzte Lesezeit":"1\u00a0Minute"},"schema":{"@context":"https:\/\/schema.org","@graph":[{"@type":"WebPage","@id":"https:\/\/www.alle-noten.de\/magazin\/unser-online-shop\/","url":"https:\/\/www.alle-noten.de\/magazin\/unser-online-shop\/","name":"Unser Online Shop &#8211; alle-noten Magazin","isPartOf":{"@id":"https:\/\/www.alle-noten.de\/magazin\/#website"},"primaryImageOfPage":{"@id":"https:\/\/www.alle-noten.de\/magazin\/unser-online-shop\/#primaryimage"},"image":{"@id":"https:\/\/www.alle-noten.de\/magazin\/unser-online-shop\/#primaryimage"},"thumbnailUrl":"https:\/\/www.alle-noten.de\/magazin\/wp-content\/uploads\/2016\/02\/Online-Shop.jpg","datePublished":"2016-02-08T13:57:26+00:00","dateModified":"2025-10-08T09:47:29+00:00","description":"\u00dcber 1.000.000 Noten aller Stilrichtungen in unserem Online Shop. Riesige Auswahl, portofrei ab \u20ac 35 (in D)! Kauf auf Rechnung \u00b7 sicher Einkaufen \u00b7 schnell & g\u00fcnstig","breadcrumb":{"@id":"https:\/\/www.alle-noten.de\/magazin\/unser-online-shop\/#breadcrumb"},"inLanguage":"de","potentialAction":[{"@type":"ReadAction","target":["https:\/\/www.alle-noten.de\/magazin\/unser-online-shop\/"]}]},{"@type":"ImageObject","inLanguage":"de","@id":"https:\/\/www.alle-noten.de\/magazin\/unser-online-shop\/#primaryimage","url":"https:\/\/www.alle-noten.de\/magazin\/wp-content\/uploads\/2016\/02\/Online-Shop.jpg","contentUrl":"https:\/\/www.alle-noten.de\/magazin\/wp-content\/uploads\/2016\/02\/Online-Shop.jpg","width":640,"height":400,"caption":"Online noten bestellen auf www.alle-noten.de"},{"@type":"BreadcrumbList","@id":"https:\/\/www.alle-noten.de\/magazin\/unser-online-shop\/#breadcrumb","itemListElement":[{"@type":"ListItem","position":1,"name":"Home","item":"https:\/\/www.alle-noten.de\/magazin\/"},{"@type":"ListItem","position":2,"name":"Unser Online Shop"}]},{"@type":"WebSite","@id":"https:\/\/www.alle-noten.de\/magazin\/#website","url":"https:\/\/www.alle-noten.de\/magazin\/","name":"alle-noten Magazin","description":"","potentialAction":[{"@type":"SearchAction","target":{"@type":"EntryPoint","urlTemplate":"https:\/\/www.alle-noten.de\/magazin\/?s={search_term_string}"},"query-input":{"@type":"PropertyValueSpecification","valueRequired":true,"valueName":"search_term_string"}}],"inLanguage":"de"}]}},"publishpress_future_action":{"enabled":false,"date":"2026-04-18 16:05:43","action":"change-status","newStatus":"draft","terms":[],"taxonomy":"","extraData":[]},"publishpress_future_workflow_manual_trigger":{"enabledWorkflows":[]},"_links":{"self":[{"href":"https:\/\/www.alle-noten.de\/magazin\/wp-json\/wp\/v2\/pages\/10","targetHints":{"allow":["GET"]}}],"collection":[{"href":"https:\/\/www.alle-noten.de\/magazin\/wp-json\/wp\/v2\/pages"}],"about":[{"href":"https:\/\/www.alle-noten.de\/magazin\/wp-json\/wp\/v2\/types\/page"}],"author":[{"embeddable":true,"href":"https:\/\/www.alle-noten.de\/magazin\/wp-json\/wp\/v2\/users\/1"}],"replies":[{"embeddable":true,"href":"https:\/\/www.alle-noten.de\/magazin\/wp-json\/wp\/v2\/comments?post=10"}],"version-history":[{"count":12,"href":"https:\/\/www.alle-noten.de\/magazin\/wp-json\/wp\/v2\/pages\/10\/revisions"}],"predecessor-version":[{"id":3368,"href":"https:\/\/www.alle-noten.de\/magazin\/wp-json\/wp\/v2\/pages\/10\/revisions\/3368"}],"wp:featuredmedia":[{"embeddable":true,"href":"https:\/\/www.alle-noten.de\/magazin\/wp-json\/wp\/v2\/media\/433"}],"wp:attachment":[{"href":"https:\/\/www.alle-noten.de\/magazin\/wp-json\/wp\/v2\/media?parent=10"}],"curies":[{"name":"wp","href":"https:\/\/api.w.org\/{rel}","templated":true}]}}