{"id":13,"date":"2016-02-08T14:57:44","date_gmt":"2016-02-08T13:57:44","guid":{"rendered":"https:\/\/www.alle-noten.de\/magazin\/?page_id=13"},"modified":"2025-10-08T11:48:10","modified_gmt":"2025-10-08T09:48:10","slug":"impressum","status":"publish","type":"page","link":"https:\/\/www.alle-noten.de\/magazin\/impressum\/","title":{"rendered":"Impressum"},"content":{"rendered":"<table class=\"content_table imprint\" style=\"margin-top: 20px; width: 100%;\">\n<tbody>\n<tr>\n<th style=\"text-align: left;\">Anschrift:<\/th>\n<td>Notenversand Kurt Maas GmbH &amp; Co. KG<br \/>\nEugen-Friedl-Str. 3a<br \/>\n82340 Feldafing<\/td>\n<\/tr>\n<tr>\n<th style=\"text-align: left;\">Telefon:<\/th>\n<td>+49 (0)8157 \/ 99 795 0<\/td>\n<\/tr>\n<tr>\n<th style=\"text-align: left;\">Fax:<\/th>\n<td>+49 (0)8157 \/ 99 795 15<\/td>\n<\/tr>\n<tr>\n<th style=\"text-align: left;\">E-Mail:<\/th>\n<td>info@alle-noten.de<\/td>\n<\/tr>\n<tr>\n<th style=\"text-align: left;\">\u00d6ffnungszeiten:<\/th>\n<td>Mo-Fr 08:00 bis 18:00 Uhr<\/td>\n<\/tr>\n<tr>\n<th style=\"text-align: left;\">Handelsregister:<\/th>\n<td>HRA 95943<br \/>\nHandelsregister M\u00fcnchen<br \/>\nUStID: DE 272926478<br \/>\nGesch\u00e4ftsf\u00fchrer: Thomas Gl\u00f6ckner<\/td>\n<\/tr>\n<tr>\n<th style=\"text-align: left;\">Pers\u00f6nlich haftende<br \/>\nGesellschafterin:<\/th>\n<td>Maas Beteiligungsgesellschaft mbH<\/td>\n<\/tr>\n<tr>\n<th style=\"text-align: left;\">Handelsregister:<\/th>\n<td>HRB 186834<br \/>\nHandelsregister M\u00fcnchen<\/td>\n<\/tr>\n<tr>\n<th style=\"text-align: left;\">Gesch\u00e4ftsf\u00fchrer:<\/th>\n<td>Thomas Gl\u00f6ckner<\/td>\n<\/tr>\n<\/tbody>\n<\/table>\n<h3><\/h3>\n<h3>Haftungshinweis:<\/h3>\n<p>Trotz sorgf\u00e4ltiger inhaltlicher Kontrolle \u00fcbernehmen wir keine Haftung f\u00fcr die Inhalte externer Links. F\u00fcr den Inhalt der verlinkten Seiten sind ausschlie\u00dflich deren Betreiber verantwortlich.<\/p>\n<p>&nbsp;<\/p>\n<p><b>Design &amp; Programmierung:<\/b><\/p>\n<p>sternpunkt.internetideen OG<\/p>\n<p><a href=\"http:\/\/www.sternpunkt.at\" target=\"_blank\" rel=\"noopener\">www.sternpunkt.at<\/a><\/p>\n<h3>Nutzung von Google Analytics:<\/h3>\n<p>Diese Website benutzt Google Analytics, einen Webanalysedienst<br \/>\nder Google Inc. (\u201eGoogle\u201c).\u00a0Google Analytics verwendet sog. \u201eCookies\u201c, Textdateien, die auf Ihrem Computer gespeichert werden und die eine Analyse der Benutzung der Website durch Sie erm\u00f6glichen. Die durch den Cookie erzeugten Informationen \u00fcber Ihre Benutzung dieser Website werden in der Regel an einen Server von Google in den USA \u00fcbertragen und dort gespeichert. Im Falle der Aktivierung der IP-Anonymisierung auf dieser Website, wird Ihre IP-Adresse von Google jedoch innerhalb von Mitgliedstaaten der Europ\u00e4ischen Union oder in anderen Vertragsstaaten des Abkommens \u00fcber den Europ\u00e4ischen Wirtschaftsraum zuvor gek\u00fcrzt. Nur in Ausnahmef\u00e4llen wird die volle IP-Adresse an einen Server von Google in den USA \u00fcbertragen und dort gek\u00fcrzt.<\/p>\n<p>&nbsp;<\/p>\n<p>Im Auftrag des Betreibers dieser Website wird Google diese Informationen benutzen, um Ihre Nutzung der Website auszuwerten, um Reports \u00fcber die Websiteaktivit\u00e4ten zusammenzustellen und um weitere mit der Websitenutzung und der Internetnutzung verbundene Dienstleistungen gegen\u00fcber dem Websitebetreiber zu erbringen. Die im Rahmen von Google Analytics von Ihrem Browser \u00fcbermittelte IP-Adresse wird nicht mit anderen Daten von Google zusammengef\u00fchrt. Sie k\u00f6nnen die Speicherung der Cookies durch eine entsprechende Einstellung Ihrer Browser-Software verhindern; wir weisen Sie jedoch darauf hin, dass Sie in diesem Fall gegebenenfalls nicht s\u00e4mtliche Funktionen dieser Website vollumf\u00e4nglich werden nutzen k\u00f6nnen.<\/p>\n<p>&nbsp;<\/p>\n<p>Sie k\u00f6nnen dar\u00fcber hinaus die Erfassung der durch das Cookie erzeugten und auf Ihre Nutzung der Website bezogenen Daten (inkl. Ihrer IP-Adresse) an Google sowie die Verarbeitung dieser Daten durch Google verhindern, indem sie das unter diesem Link verf\u00fcgbare Browser-Plugin herunterladen und installieren. Sie k\u00f6nnen die Erfassung durch Google Analytics verhindern, indem Sie auf <a title=\"Datensammlung verhindern\" href=\"https:\/\/tools.google.com\/dlpage\/gaoptout?hl=de\" target=\"_blank\" rel=\"noopener\">diesen Link<\/a> klicken. Es wird ein Opt-Out-Cookie gesetzt, der die zuk\u00fcnftige Erfassung Ihrer Daten beim Besuch dieser Website verhindert: <a title=\"Datensammlung verhindern\" href=\"http:\/\/tools.google.com\/dlpage\/gaoptout?hl=de\" target=\"_blank\" rel=\"noopener\">http:\/\/tools.google.com\/dlpage\/gaoptout?hl=de<\/a><\/p>\n","protected":false},"excerpt":{"rendered":"<p>Anschrift: Notenversand Kurt Maas GmbH &amp; Co. KG Eugen-Friedl-Str. 3a 82340 Feldafing Telefon: +49 (0)8157 \/ 99 795 0 Fax: +49 (0)8157 \/ 99 795 15 E-Mail: info@alle-noten.de \u00d6ffnungszeiten: Mo-Fr 08:00 bis 18:00 Uhr Handelsregister: HRA 95943 Handelsregister M\u00fcnchen UStID: DE 272926478 Gesch\u00e4ftsf\u00fchrer: Thomas Gl\u00f6ckner Pers\u00f6nlich haftende Gesellschafterin: Maas Beteiligungsgesellschaft mbH Handelsregister: HRB 186834 Handelsregister [&hellip;]<\/p>\n","protected":false},"author":1,"featured_media":0,"parent":0,"menu_order":3,"comment_status":"closed","ping_status":"closed","template":"","meta":{"footnotes":""},"class_list":["post-13","page","type-page","status-publish","hentry"],"yoast_head":"<!-- This site is optimized with the Yoast SEO plugin v27.2 - https:\/\/yoast.com\/product\/yoast-seo-wordpress\/ -->\n<title>Impressum &#8211; alle-noten Magazin<\/title>\n<meta name=\"description\" content=\"\u00dcber 1.000.000 Noten aller Stilrichtungen in unserem Online Shop. Riesige Auswahl, portofrei ab \u20ac 35 (in D)! Kauf auf Rechnung \u00b7 sicher Einkaufen \u00b7 schnell &amp; g\u00fcnstig\" \/>\n<meta name=\"robots\" content=\"index, follow, max-snippet:-1, max-image-preview:large, max-video-preview:-1\" \/>\n<link rel=\"canonical\" href=\"https:\/\/www.alle-noten.de\/magazin\/impressum\/\" \/>\n<meta property=\"og:locale\" content=\"de_DE\" \/>\n<meta property=\"og:type\" content=\"article\" \/>\n<meta property=\"og:title\" content=\"Impressum &#8211; alle-noten Magazin\" \/>\n<meta property=\"og:description\" content=\"\u00dcber 1.000.000 Noten aller Stilrichtungen in unserem Online Shop. Riesige Auswahl, portofrei ab \u20ac 35 (in D)! Kauf auf Rechnung \u00b7 sicher Einkaufen \u00b7 schnell &amp; g\u00fcnstig\" \/>\n<meta property=\"og:url\" content=\"https:\/\/www.alle-noten.de\/magazin\/impressum\/\" \/>\n<meta property=\"og:site_name\" content=\"alle-noten Magazin\" \/>\n<meta property=\"article:modified_time\" content=\"2025-10-08T09:48:10+00:00\" \/>\n<meta name=\"twitter:card\" content=\"summary_large_image\" \/>\n<meta name=\"twitter:label1\" content=\"Gesch\u00e4tzte Lesezeit\" \/>\n\t<meta name=\"twitter:data1\" content=\"3\u00a0Minuten\" \/>\n<script type=\"application\/ld+json\" class=\"yoast-schema-graph\">{\"@context\":\"https:\/\/schema.org\",\"@graph\":[{\"@type\":\"WebPage\",\"@id\":\"https:\/\/www.alle-noten.de\/magazin\/impressum\/\",\"url\":\"https:\/\/www.alle-noten.de\/magazin\/impressum\/\",\"name\":\"Impressum &#8211; alle-noten Magazin\",\"isPartOf\":{\"@id\":\"https:\/\/www.alle-noten.de\/magazin\/#website\"},\"datePublished\":\"2016-02-08T13:57:44+00:00\",\"dateModified\":\"2025-10-08T09:48:10+00:00\",\"description\":\"\u00dcber 1.000.000 Noten aller Stilrichtungen in unserem Online Shop. Riesige Auswahl, portofrei ab \u20ac 35 (in D)! Kauf auf Rechnung \u00b7 sicher Einkaufen \u00b7 schnell & g\u00fcnstig\",\"breadcrumb\":{\"@id\":\"https:\/\/www.alle-noten.de\/magazin\/impressum\/#breadcrumb\"},\"inLanguage\":\"de\",\"potentialAction\":[{\"@type\":\"ReadAction\",\"target\":[\"https:\/\/www.alle-noten.de\/magazin\/impressum\/\"]}]},{\"@type\":\"BreadcrumbList\",\"@id\":\"https:\/\/www.alle-noten.de\/magazin\/impressum\/#breadcrumb\",\"itemListElement\":[{\"@type\":\"ListItem\",\"position\":1,\"name\":\"Home\",\"item\":\"https:\/\/www.alle-noten.de\/magazin\/\"},{\"@type\":\"ListItem\",\"position\":2,\"name\":\"Impressum\"}]},{\"@type\":\"WebSite\",\"@id\":\"https:\/\/www.alle-noten.de\/magazin\/#website\",\"url\":\"https:\/\/www.alle-noten.de\/magazin\/\",\"name\":\"alle-noten Magazin\",\"description\":\"\",\"potentialAction\":[{\"@type\":\"SearchAction\",\"target\":{\"@type\":\"EntryPoint\",\"urlTemplate\":\"https:\/\/www.alle-noten.de\/magazin\/?s={search_term_string}\"},\"query-input\":{\"@type\":\"PropertyValueSpecification\",\"valueRequired\":true,\"valueName\":\"search_term_string\"}}],\"inLanguage\":\"de\"}]}<\/script>\n<!-- \/ Yoast SEO plugin. -->","yoast_head_json":{"title":"Impressum &#8211; alle-noten Magazin","description":"\u00dcber 1.000.000 Noten aller Stilrichtungen in unserem Online Shop. Riesige Auswahl, portofrei ab \u20ac 35 (in D)! Kauf auf Rechnung \u00b7 sicher Einkaufen \u00b7 schnell & g\u00fcnstig","robots":{"index":"index","follow":"follow","max-snippet":"max-snippet:-1","max-image-preview":"max-image-preview:large","max-video-preview":"max-video-preview:-1"},"canonical":"https:\/\/www.alle-noten.de\/magazin\/impressum\/","og_locale":"de_DE","og_type":"article","og_title":"Impressum &#8211; alle-noten Magazin","og_description":"\u00dcber 1.000.000 Noten aller Stilrichtungen in unserem Online Shop. Riesige Auswahl, portofrei ab \u20ac 35 (in D)! Kauf auf Rechnung \u00b7 sicher Einkaufen \u00b7 schnell & g\u00fcnstig","og_url":"https:\/\/www.alle-noten.de\/magazin\/impressum\/","og_site_name":"alle-noten Magazin","article_modified_time":"2025-10-08T09:48:10+00:00","twitter_card":"summary_large_image","twitter_misc":{"Gesch\u00e4tzte Lesezeit":"3\u00a0Minuten"},"schema":{"@context":"https:\/\/schema.org","@graph":[{"@type":"WebPage","@id":"https:\/\/www.alle-noten.de\/magazin\/impressum\/","url":"https:\/\/www.alle-noten.de\/magazin\/impressum\/","name":"Impressum &#8211; alle-noten Magazin","isPartOf":{"@id":"https:\/\/www.alle-noten.de\/magazin\/#website"},"datePublished":"2016-02-08T13:57:44+00:00","dateModified":"2025-10-08T09:48:10+00:00","description":"\u00dcber 1.000.000 Noten aller Stilrichtungen in unserem Online Shop. Riesige Auswahl, portofrei ab \u20ac 35 (in D)! Kauf auf Rechnung \u00b7 sicher Einkaufen \u00b7 schnell & g\u00fcnstig","breadcrumb":{"@id":"https:\/\/www.alle-noten.de\/magazin\/impressum\/#breadcrumb"},"inLanguage":"de","potentialAction":[{"@type":"ReadAction","target":["https:\/\/www.alle-noten.de\/magazin\/impressum\/"]}]},{"@type":"BreadcrumbList","@id":"https:\/\/www.alle-noten.de\/magazin\/impressum\/#breadcrumb","itemListElement":[{"@type":"ListItem","position":1,"name":"Home","item":"https:\/\/www.alle-noten.de\/magazin\/"},{"@type":"ListItem","position":2,"name":"Impressum"}]},{"@type":"WebSite","@id":"https:\/\/www.alle-noten.de\/magazin\/#website","url":"https:\/\/www.alle-noten.de\/magazin\/","name":"alle-noten Magazin","description":"","potentialAction":[{"@type":"SearchAction","target":{"@type":"EntryPoint","urlTemplate":"https:\/\/www.alle-noten.de\/magazin\/?s={search_term_string}"},"query-input":{"@type":"PropertyValueSpecification","valueRequired":true,"valueName":"search_term_string"}}],"inLanguage":"de"}]}},"publishpress_future_action":{"enabled":false,"date":"2026-04-18 15:56:38","action":"change-status","newStatus":"draft","terms":[],"taxonomy":"","extraData":[]},"publishpress_future_workflow_manual_trigger":{"enabledWorkflows":[]},"_links":{"self":[{"href":"https:\/\/www.alle-noten.de\/magazin\/wp-json\/wp\/v2\/pages\/13","targetHints":{"allow":["GET"]}}],"collection":[{"href":"https:\/\/www.alle-noten.de\/magazin\/wp-json\/wp\/v2\/pages"}],"about":[{"href":"https:\/\/www.alle-noten.de\/magazin\/wp-json\/wp\/v2\/types\/page"}],"author":[{"embeddable":true,"href":"https:\/\/www.alle-noten.de\/magazin\/wp-json\/wp\/v2\/users\/1"}],"replies":[{"embeddable":true,"href":"https:\/\/www.alle-noten.de\/magazin\/wp-json\/wp\/v2\/comments?post=13"}],"version-history":[{"count":11,"href":"https:\/\/www.alle-noten.de\/magazin\/wp-json\/wp\/v2\/pages\/13\/revisions"}],"predecessor-version":[{"id":3517,"href":"https:\/\/www.alle-noten.de\/magazin\/wp-json\/wp\/v2\/pages\/13\/revisions\/3517"}],"wp:attachment":[{"href":"https:\/\/www.alle-noten.de\/magazin\/wp-json\/wp\/v2\/media?parent=13"}],"curies":[{"name":"wp","href":"https:\/\/api.w.org\/{rel}","templated":true}]}}